{"id":1621,"date":"2020-07-10T02:23:01","date_gmt":"2020-07-10T02:23:01","guid":{"rendered":"http:\/\/inta.myanzen.com\/?page_id=1621"},"modified":"2020-07-10T06:22:31","modified_gmt":"2020-07-10T06:22:31","slug":"library","status":"publish","type":"page","link":"https:\/\/inta.vn\/en\/library\/","title":{"rendered":"Library"},"content":{"rendered":"\t\t<div data-elementor-type=\"wp-page\" data-elementor-id=\"1621\" class=\"elementor elementor-1621 elementor-1316\">\n\t\t\t\t\t\t<section class=\"elementor-section elementor-top-section elementor-element elementor-element-3c37531 elementor-section-boxed elementor-section-height-default elementor-section-height-default\" data-id=\"3c37531\" data-element_type=\"section\" data-settings=\"{&quot;background_background&quot;:&quot;classic&quot;}\">\n\t\t\t\t\t\t<div class=\"elementor-container elementor-column-gap-default\">\n\t\t\t\t\t<div class=\"elementor-column elementor-col-100 elementor-top-column elementor-element elementor-element-7405aa3\" data-id=\"7405aa3\" data-element_type=\"column\">\n\t\t\t<div class=\"elementor-widget-wrap elementor-element-populated\">\n\t\t\t\t\t\t<div class=\"elementor-element elementor-element-3b9f1ce elementor-widget elementor-widget-heading\" data-id=\"3b9f1ce\" data-element_type=\"widget\" data-widget_type=\"heading.default\">\n\t\t\t\t<div class=\"elementor-widget-container\">\n\t\t\t\t\t<h2 class=\"elementor-heading-title elementor-size-default\">LIBRARY<\/h2>\t\t\t\t<\/div>\n\t\t\t\t<\/div>\n\t\t\t\t<div class=\"elementor-element elementor-element-8d92b81 elementor-widget elementor-widget-breadcrumbs\" data-id=\"8d92b81\" data-element_type=\"widget\" data-widget_type=\"breadcrumbs.default\">\n\t\t\t\t<div class=\"elementor-widget-container\">\n\t\t\t\t\t<p id=\"breadcrumbs\"><span><span><a href=\"https:\/\/inta.vn\/en\/\">Home<\/a><\/span><\/span><\/p>\t\t\t\t<\/div>\n\t\t\t\t<\/div>\n\t\t\t\t\t<\/div>\n\t\t<\/div>\n\t\t\t\t\t<\/div>\n\t\t<\/section>\n\t\t\t\t<section class=\"elementor-section elementor-top-section elementor-element elementor-element-dc00669 elementor-section-boxed elementor-section-height-default elementor-section-height-default\" data-id=\"dc00669\" data-element_type=\"section\">\n\t\t\t\t\t\t<div class=\"elementor-container elementor-column-gap-default\">\n\t\t\t\t\t<div class=\"elementor-column elementor-col-50 elementor-top-column elementor-element elementor-element-b8bf614\" data-id=\"b8bf614\" data-element_type=\"column\">\n\t\t\t<div class=\"elementor-widget-wrap elementor-element-populated\">\n\t\t\t\t\t\t<section class=\"elementor-section elementor-inner-section elementor-element elementor-element-079b4ae envato-kit-141-top-0 elementor-section-full_width elementor-section-height-default elementor-section-height-default\" data-id=\"079b4ae\" data-element_type=\"section\">\n\t\t\t\t\t\t<div class=\"elementor-container elementor-column-gap-default\">\n\t\t\t\t\t<div class=\"elementor-column elementor-col-100 elementor-inner-column elementor-element elementor-element-ee6091e elementor-invisible\" data-id=\"ee6091e\" data-element_type=\"column\" data-settings=\"{&quot;background_background&quot;:&quot;classic&quot;,&quot;animation&quot;:&quot;fadeIn&quot;,&quot;animation_delay&quot;:100}\">\n\t\t\t<div class=\"elementor-widget-wrap elementor-element-populated\">\n\t\t\t\t\t\t<div class=\"elementor-element elementor-element-851d23b elementor-position-left elementor-vertical-align-top elementor-widget elementor-widget-image-box\" data-id=\"851d23b\" data-element_type=\"widget\" data-widget_type=\"image-box.default\">\n\t\t\t\t<div class=\"elementor-widget-container\">\n\t\t\t\t\t<div class=\"elementor-image-box-wrapper\"><figure class=\"elementor-image-box-img\"><img fetchpriority=\"high\" decoding=\"async\" width=\"440\" height=\"248\" src=\"https:\/\/inta.vn\/wp-content\/uploads\/2020\/07\/dv-van-ban-thue.jpg\" class=\"attachment-full size-full wp-image-1302\" alt=\"\" srcset=\"https:\/\/inta.vn\/wp-content\/uploads\/2020\/07\/dv-van-ban-thue.jpg 440w, https:\/\/inta.vn\/wp-content\/uploads\/2020\/07\/dv-van-ban-thue-300x169.jpg 300w\" sizes=\"(max-width: 440px) 100vw, 440px\" \/><\/figure><div class=\"elementor-image-box-content\"><h3 class=\"elementor-image-box-title\">Accounting system<\/h3><p class=\"elementor-image-box-description\">Lorem ipsum dolor sit amet, consectetur, adipiscing elit. Ut elit tellus, luctus nec ullamcorper mattis, pulvinar dapibus leo.\n\nLorem ipsum dolor sit amet, consectetur adipiscing elit. Ut elit tellus, luctus nec ullamcorper mattis, pulvinar dapibus leo.<\/p><\/div><\/div>\t\t\t\t<\/div>\n\t\t\t\t<\/div>\n\t\t\t\t<div class=\"elementor-element elementor-element-27d0f95 elementor-widget elementor-widget-spacer\" data-id=\"27d0f95\" data-element_type=\"widget\" data-widget_type=\"spacer.default\">\n\t\t\t\t<div class=\"elementor-widget-container\">\n\t\t\t\t\t\t\t<div class=\"elementor-spacer\">\n\t\t\t<div class=\"elementor-spacer-inner\"><\/div>\n\t\t<\/div>\n\t\t\t\t\t\t<\/div>\n\t\t\t\t<\/div>\n\t\t\t\t\t<\/div>\n\t\t<\/div>\n\t\t\t\t\t<\/div>\n\t\t<\/section>\n\t\t\t\t<section class=\"elementor-section elementor-inner-section elementor-element elementor-element-939e40e envato-kit-141-top-0 elementor-section-full_width elementor-section-height-default elementor-section-height-default\" data-id=\"939e40e\" data-element_type=\"section\">\n\t\t\t\t\t\t<div class=\"elementor-container elementor-column-gap-default\">\n\t\t\t\t\t<div class=\"elementor-column elementor-col-100 elementor-inner-column elementor-element elementor-element-a576651 elementor-invisible\" data-id=\"a576651\" data-element_type=\"column\" data-settings=\"{&quot;background_background&quot;:&quot;classic&quot;,&quot;animation&quot;:&quot;fadeIn&quot;,&quot;animation_delay&quot;:100}\">\n\t\t\t<div class=\"elementor-widget-wrap elementor-element-populated\">\n\t\t\t\t\t\t<div class=\"elementor-element elementor-element-2fad543 elementor-position-left elementor-vertical-align-top elementor-widget elementor-widget-image-box\" data-id=\"2fad543\" data-element_type=\"widget\" data-widget_type=\"image-box.default\">\n\t\t\t\t<div class=\"elementor-widget-container\">\n\t\t\t\t\t<div class=\"elementor-image-box-wrapper\"><figure class=\"elementor-image-box-img\"><img decoding=\"async\" width=\"1920\" height=\"1080\" src=\"https:\/\/inta.vn\/wp-content\/uploads\/2020\/06\/inta-dich-vu.jpg\" class=\"attachment-full size-full wp-image-998\" alt=\"\" srcset=\"https:\/\/inta.vn\/wp-content\/uploads\/2020\/06\/inta-dich-vu.jpg 1920w, https:\/\/inta.vn\/wp-content\/uploads\/2020\/06\/inta-dich-vu-300x169.jpg 300w, https:\/\/inta.vn\/wp-content\/uploads\/2020\/06\/inta-dich-vu-1024x576.jpg 1024w, https:\/\/inta.vn\/wp-content\/uploads\/2020\/06\/inta-dich-vu-768x432.jpg 768w, https:\/\/inta.vn\/wp-content\/uploads\/2020\/06\/inta-dich-vu-1536x864.jpg 1536w\" sizes=\"(max-width: 1920px) 100vw, 1920px\" \/><\/figure><div class=\"elementor-image-box-content\"><h3 class=\"elementor-image-box-title\">Accounting Standards<\/h3><p class=\"elementor-image-box-description\">Lorem ipsum dolor sit amet, consectetur adipiscing elit. Ut elit tellus, luctus nec ullamcorper mattis, pulvinar dapibus leo.\n\nLorem ipsum dolor sit amet, consectetur adipiscing elit. Ut elit tellus, luctus nec ullamcorper mattis, pulvinar dapibus leo.<\/p><\/div><\/div>\t\t\t\t<\/div>\n\t\t\t\t<\/div>\n\t\t\t\t\t<\/div>\n\t\t<\/div>\n\t\t\t\t\t<\/div>\n\t\t<\/section>\n\t\t\t\t<section class=\"elementor-section elementor-inner-section elementor-element elementor-element-90c77a6 envato-kit-141-top-0 elementor-section-full_width elementor-section-height-default elementor-section-height-default\" data-id=\"90c77a6\" data-element_type=\"section\">\n\t\t\t\t\t\t<div class=\"elementor-container elementor-column-gap-default\">\n\t\t\t\t\t<div class=\"elementor-column elementor-col-100 elementor-inner-column elementor-element elementor-element-48bda77 elementor-invisible\" data-id=\"48bda77\" data-element_type=\"column\" data-settings=\"{&quot;background_background&quot;:&quot;classic&quot;,&quot;animation&quot;:&quot;fadeIn&quot;,&quot;animation_delay&quot;:100}\">\n\t\t\t<div class=\"elementor-widget-wrap elementor-element-populated\">\n\t\t\t\t\t\t<div class=\"elementor-element elementor-element-ec54139 elementor-widget elementor-widget-spacer\" data-id=\"ec54139\" data-element_type=\"widget\" data-widget_type=\"spacer.default\">\n\t\t\t\t<div class=\"elementor-widget-container\">\n\t\t\t\t\t\t\t<div class=\"elementor-spacer\">\n\t\t\t<div class=\"elementor-spacer-inner\"><\/div>\n\t\t<\/div>\n\t\t\t\t\t\t<\/div>\n\t\t\t\t<\/div>\n\t\t\t\t<div class=\"elementor-element elementor-element-59610f0 elementor-position-left elementor-vertical-align-top elementor-widget elementor-widget-image-box\" data-id=\"59610f0\" data-element_type=\"widget\" data-widget_type=\"image-box.default\">\n\t\t\t\t<div class=\"elementor-widget-container\">\n\t\t\t\t\t<div class=\"elementor-image-box-wrapper\"><figure class=\"elementor-image-box-img\"><img fetchpriority=\"high\" decoding=\"async\" width=\"440\" height=\"248\" src=\"https:\/\/inta.vn\/wp-content\/uploads\/2020\/07\/dv-van-ban-thue.jpg\" class=\"attachment-full size-full wp-image-1302\" alt=\"\" srcset=\"https:\/\/inta.vn\/wp-content\/uploads\/2020\/07\/dv-van-ban-thue.jpg 440w, https:\/\/inta.vn\/wp-content\/uploads\/2020\/07\/dv-van-ban-thue-300x169.jpg 300w\" sizes=\"(max-width: 440px) 100vw, 440px\" \/><\/figure><div class=\"elementor-image-box-content\"><h3 class=\"elementor-image-box-title\">Text Taxes<\/h3><p class=\"elementor-image-box-description\">Lorem ipsum dolor sit amet, consectetur adipiscing elit. Ut elit tellus, luctus nec ullamcorper mattis, pulvinar dapibus leo.\n\nLorem ipsum dolor sit amet, consectetur adipiscing elit. Ut elit tellus, luctus nec ullamcorper mattis, pulvinar dapibus leo.<\/p><\/div><\/div>\t\t\t\t<\/div>\n\t\t\t\t<\/div>\n\t\t\t\t\t<\/div>\n\t\t<\/div>\n\t\t\t\t\t<\/div>\n\t\t<\/section>\n\t\t\t\t\t<\/div>\n\t\t<\/div>\n\t\t\t\t<div class=\"elementor-column elementor-col-50 elementor-top-column elementor-element elementor-element-8f415d7 az-sidebar az-sidebar-thuvien\" data-id=\"8f415d7\" data-element_type=\"column\">\n\t\t\t<div class=\"elementor-widget-wrap elementor-element-populated\">\n\t\t\t\t\t\t<div class=\"elementor-element elementor-element-c0956f8 elementor-search-form--skin-minimal elementor-widget elementor-widget-search-form\" data-id=\"c0956f8\" data-element_type=\"widget\" data-settings=\"{&quot;skin&quot;:&quot;minimal&quot;}\" data-widget_type=\"search-form.default\">\n\t\t\t\t<div class=\"elementor-widget-container\">\n\t\t\t\t\t\t\t<form class=\"elementor-search-form\" role=\"search\" action=\"https:\/\/inta.vn\/en\/\" method=\"get\">\n\t\t\t\t\t\t\t\t\t<div class=\"elementor-search-form__container\">\n\t\t\t\t\t\t\t\t\t<div class=\"elementor-search-form__icon\">\n\t\t\t\t\t\t<i aria-hidden=\"true\" class=\"fas fa-search\"><\/i>\t\t\t\t\t\t<span class=\"elementor-screen-only\">Search<\/span>\n\t\t\t\t\t<\/div>\n\t\t\t\t\t\t\t\t<input placeholder=\" Search...\" class=\"elementor-search-form__input\" type=\"search\" name=\"s\" title=\"Search\" value=\"\">\n\t\t\t\t<input type='hidden' name='lang' value='en' \/>\t\t\t\t\t\t\t\t\t\t\t<\/div>\n\t\t<\/form>\n\t\t\t\t\t\t<\/div>\n\t\t\t\t<\/div>\n\t\t\t\t<section class=\"elementor-section elementor-inner-section elementor-element elementor-element-f066677 elementor-section-boxed elementor-section-height-default elementor-section-height-default\" data-id=\"f066677\" data-element_type=\"section\">\n\t\t\t\t\t\t<div class=\"elementor-container elementor-column-gap-default\">\n\t\t\t\t\t<div class=\"elementor-column elementor-col-100 elementor-inner-column elementor-element elementor-element-c9a6cdf\" data-id=\"c9a6cdf\" data-element_type=\"column\">\n\t\t\t<div class=\"elementor-widget-wrap elementor-element-populated\">\n\t\t\t\t\t\t<div class=\"elementor-element elementor-element-ba34d70 elementor-widget elementor-widget-heading\" data-id=\"ba34d70\" data-element_type=\"widget\" data-widget_type=\"heading.default\">\n\t\t\t\t<div class=\"elementor-widget-container\">\n\t\t\t\t\t<h3 class=\"elementor-heading-title elementor-size-default\">LIBRARY<\/h3>\t\t\t\t<\/div>\n\t\t\t\t<\/div>\n\t\t\t\t<div class=\"elementor-element elementor-element-db66815 elementor-widget elementor-widget-shortcode\" data-id=\"db66815\" data-element_type=\"widget\" data-widget_type=\"shortcode.default\">\n\t\t\t\t<div class=\"elementor-widget-container\">\n\t\t\t\t\t\t\t<div class=\"elementor-shortcode\">    <ul class=\"az-list-danh-muc-dv\">\n  <li><a href=\"https:\/\/inta.vn\/en\/danh-muc\/che-do-ke-toan\/\">Ch\u1ebf \u0110\u1ed9 K\u1ebf To\u00e1n<\/a><ul><li><a href=\"https:\/\/inta.vn\/en\/danh-muc\/bao-cao-tai-chinh\/\">B\u00e1o C\u00e1o T\u00e0i Ch\u00ednh<\/a><\/li><li><a href=\"https:\/\/inta.vn\/en\/danh-muc\/chung-tu-ke-toan\/\">Ch\u1ee9ng T\u1eeb K\u1ebf To\u00e1n<\/a><\/li><li><a href=\"https:\/\/inta.vn\/en\/danh-muc\/he-thong-tai-khoan\/\">H\u1ec7 Th\u1ed1ng T\u00e0i Kho\u1ea3n<\/a><\/li><li><a href=\"https:\/\/inta.vn\/en\/danh-muc\/bang-can-doi-ke-toan\/\">B\u1ea3ng c\u00e2n \u0111\u1ed1i k\u1ebf to\u00e1n<\/a><\/li><li><a href=\"https:\/\/inta.vn\/en\/danh-muc\/bao-cao-ket-qua-hoat-dong-kinh-doanh\/\">B\u00e1o c\u00e1o k\u1ebft qu\u1ea3 ho\u1ea1t \u0111\u1ed9ng kinh doanh<\/a><\/li><li><a href=\"https:\/\/inta.vn\/en\/danh-muc\/bao-cao-luu-chuyen-tien-te-truc-tiep\/\">B\u00e1o c\u00e1o l\u01b0u chuy\u1ec3n ti\u1ec1n t\u1ec7 (tr\u1ef1c ti\u1ebfp)<\/a><\/li><\/ul><\/li><li><a href=\"https:\/\/inta.vn\/en\/danh-muc\/chuan-muc-ke-toan\/\">Chu\u1ea9n M\u1ef1c K\u1ebf To\u00e1n<\/a><\/li><li><a href=\"https:\/\/inta.vn\/en\/danh-muc\/thue-gia-tri-gia-tang\/\">Thu\u1ebf Gi\u00e1 Tr\u1ecb Gia T\u0103ng<\/a><\/li><li><a href=\"https:\/\/inta.vn\/en\/danh-muc\/thue-thu-nhap-ca-nhan\/\">Thu\u1ebf Thu Nh\u1eadp C\u00e1 Nh\u00e2n<\/a><\/li><li><a href=\"https:\/\/inta.vn\/en\/danh-muc\/thue-thu-nhap-doanh-nghiep\/\">Thu\u1ebf Thu Nh\u1eadp Doanh Nghi\u1ec7p<\/a><\/li><li><a href=\"https:\/\/inta.vn\/en\/danh-muc\/van-ban-thue\/\">V\u0103n b\u1ea3n thu\u1ebf<\/a><\/li>  <\/ul>\n<\/div>\n\t\t\t\t\t\t<\/div>\n\t\t\t\t<\/div>\n\t\t\t\t\t<\/div>\n\t\t<\/div>\n\t\t\t\t\t<\/div>\n\t\t<\/section>\n\t\t\t\t\t<\/div>\n\t\t<\/div>\n\t\t\t\t\t<\/div>\n\t\t<\/section>\n\t\t\t\t<\/div>\n\t\t","protected":false},"excerpt":{"rendered":"<p>LIBRARY Accounting system Lorem ipsum dolor sit amet, consectetur, adipiscing elit. Ut elit tellus, luctus nec ullamcorper mattis, pulvinar dapibus leo. Lorem ipsum dolor sit amet, consectetur adipiscing elit. Ut elit tellus, luctus nec ullamcorper mattis, pulvinar dapibus leo. Accounting Standards Lorem ipsum dolor sit amet, consectetur adipiscing elit. Ut elit tellus, luctus nec ullamcorper [&hellip;]<\/p>\n","protected":false},"author":2,"featured_media":0,"parent":0,"menu_order":0,"comment_status":"closed","ping_status":"closed","template":"elementor_header_footer","meta":{"footnotes":""},"class_list":["post-1621","page","type-page","status-publish","hentry"],"yoast_head":"<!-- This site is optimized with the Yoast SEO plugin v26.2 - https:\/\/yoast.com\/wordpress\/plugins\/seo\/ -->\n<title>Library - INTA | Accounting. Tax. Advisory<\/title>\n<meta name=\"robots\" content=\"index, follow, max-snippet:-1, max-image-preview:large, max-video-preview:-1\" \/>\n<link rel=\"canonical\" href=\"https:\/\/inta.vn\/en\/library\/\" \/>\n<meta property=\"og:locale\" content=\"en_US\" \/>\n<meta property=\"og:type\" content=\"article\" \/>\n<meta property=\"og:title\" content=\"Library - INTA | Accounting. Tax. Advisory\" \/>\n<meta property=\"og:description\" content=\"LIBRARY Accounting system Lorem ipsum dolor sit amet, consectetur, adipiscing elit. Ut elit tellus, luctus nec ullamcorper mattis, pulvinar dapibus leo. Lorem ipsum dolor sit amet, consectetur adipiscing elit. Ut elit tellus, luctus nec ullamcorper mattis, pulvinar dapibus leo. Accounting Standards Lorem ipsum dolor sit amet, consectetur adipiscing elit. Ut elit tellus, luctus nec ullamcorper [&hellip;]\" \/>\n<meta property=\"og:url\" content=\"https:\/\/inta.vn\/en\/library\/\" \/>\n<meta property=\"og:site_name\" content=\"INTA | Accounting. Tax. Advisory\" \/>\n<meta property=\"article:modified_time\" content=\"2020-07-10T06:22:31+00:00\" \/>\n<meta property=\"og:image\" content=\"https:\/\/inta.vn\/wp-content\/uploads\/2020\/07\/dv-van-ban-thue.jpg\" \/>\n<meta name=\"twitter:card\" content=\"summary_large_image\" \/>\n<meta name=\"twitter:label1\" content=\"Est. reading time\" \/>\n\t<meta name=\"twitter:data1\" content=\"1 minute\" \/>\n<script type=\"application\/ld+json\" class=\"yoast-schema-graph\">{\"@context\":\"https:\/\/schema.org\",\"@graph\":[{\"@type\":\"WebPage\",\"@id\":\"https:\/\/inta.vn\/en\/library\/\",\"url\":\"https:\/\/inta.vn\/en\/library\/\",\"name\":\"Library - INTA | Accounting. Tax. Advisory\",\"isPartOf\":{\"@id\":\"https:\/\/inta.vn\/#website\"},\"primaryImageOfPage\":{\"@id\":\"https:\/\/inta.vn\/en\/library\/#primaryimage\"},\"image\":{\"@id\":\"https:\/\/inta.vn\/en\/library\/#primaryimage\"},\"thumbnailUrl\":\"https:\/\/inta.vn\/wp-content\/uploads\/2020\/07\/dv-van-ban-thue.jpg\",\"datePublished\":\"2020-07-10T02:23:01+00:00\",\"dateModified\":\"2020-07-10T06:22:31+00:00\",\"breadcrumb\":{\"@id\":\"https:\/\/inta.vn\/en\/library\/#breadcrumb\"},\"inLanguage\":\"en-US\",\"potentialAction\":[{\"@type\":\"ReadAction\",\"target\":[\"https:\/\/inta.vn\/en\/library\/\"]}]},{\"@type\":\"ImageObject\",\"inLanguage\":\"en-US\",\"@id\":\"https:\/\/inta.vn\/en\/library\/#primaryimage\",\"url\":\"https:\/\/inta.vn\/wp-content\/uploads\/2020\/07\/dv-van-ban-thue.jpg\",\"contentUrl\":\"https:\/\/inta.vn\/wp-content\/uploads\/2020\/07\/dv-van-ban-thue.jpg\"},{\"@type\":\"BreadcrumbList\",\"@id\":\"https:\/\/inta.vn\/en\/library\/#breadcrumb\",\"itemListElement\":[{\"@type\":\"ListItem\",\"position\":1,\"name\":\"Home\",\"item\":\"https:\/\/inta.vn\/en\/\"},{\"@type\":\"ListItem\",\"position\":2,\"name\":\"Library\"}]},{\"@type\":\"WebSite\",\"@id\":\"https:\/\/inta.vn\/#website\",\"url\":\"https:\/\/inta.vn\/\",\"name\":\"INTA | Accounting. Tax. Advisory\",\"description\":\"\",\"potentialAction\":[{\"@type\":\"SearchAction\",\"target\":{\"@type\":\"EntryPoint\",\"urlTemplate\":\"https:\/\/inta.vn\/?s={search_term_string}\"},\"query-input\":{\"@type\":\"PropertyValueSpecification\",\"valueRequired\":true,\"valueName\":\"search_term_string\"}}],\"inLanguage\":\"en-US\"}]}<\/script>\n<!-- \/ Yoast SEO plugin. -->","yoast_head_json":{"title":"Library - INTA | Accounting. Tax. Advisory","robots":{"index":"index","follow":"follow","max-snippet":"max-snippet:-1","max-image-preview":"max-image-preview:large","max-video-preview":"max-video-preview:-1"},"canonical":"https:\/\/inta.vn\/en\/library\/","og_locale":"en_US","og_type":"article","og_title":"Library - INTA | Accounting. Tax. Advisory","og_description":"LIBRARY Accounting system Lorem ipsum dolor sit amet, consectetur, adipiscing elit. Ut elit tellus, luctus nec ullamcorper mattis, pulvinar dapibus leo. Lorem ipsum dolor sit amet, consectetur adipiscing elit. Ut elit tellus, luctus nec ullamcorper mattis, pulvinar dapibus leo. Accounting Standards Lorem ipsum dolor sit amet, consectetur adipiscing elit. Ut elit tellus, luctus nec ullamcorper [&hellip;]","og_url":"https:\/\/inta.vn\/en\/library\/","og_site_name":"INTA | Accounting. Tax. Advisory","article_modified_time":"2020-07-10T06:22:31+00:00","og_image":[{"url":"https:\/\/inta.vn\/wp-content\/uploads\/2020\/07\/dv-van-ban-thue.jpg","type":"","width":"","height":""}],"twitter_card":"summary_large_image","twitter_misc":{"Est. reading time":"1 minute"},"schema":{"@context":"https:\/\/schema.org","@graph":[{"@type":"WebPage","@id":"https:\/\/inta.vn\/en\/library\/","url":"https:\/\/inta.vn\/en\/library\/","name":"Library - INTA | Accounting. Tax. Advisory","isPartOf":{"@id":"https:\/\/inta.vn\/#website"},"primaryImageOfPage":{"@id":"https:\/\/inta.vn\/en\/library\/#primaryimage"},"image":{"@id":"https:\/\/inta.vn\/en\/library\/#primaryimage"},"thumbnailUrl":"https:\/\/inta.vn\/wp-content\/uploads\/2020\/07\/dv-van-ban-thue.jpg","datePublished":"2020-07-10T02:23:01+00:00","dateModified":"2020-07-10T06:22:31+00:00","breadcrumb":{"@id":"https:\/\/inta.vn\/en\/library\/#breadcrumb"},"inLanguage":"en-US","potentialAction":[{"@type":"ReadAction","target":["https:\/\/inta.vn\/en\/library\/"]}]},{"@type":"ImageObject","inLanguage":"en-US","@id":"https:\/\/inta.vn\/en\/library\/#primaryimage","url":"https:\/\/inta.vn\/wp-content\/uploads\/2020\/07\/dv-van-ban-thue.jpg","contentUrl":"https:\/\/inta.vn\/wp-content\/uploads\/2020\/07\/dv-van-ban-thue.jpg"},{"@type":"BreadcrumbList","@id":"https:\/\/inta.vn\/en\/library\/#breadcrumb","itemListElement":[{"@type":"ListItem","position":1,"name":"Home","item":"https:\/\/inta.vn\/en\/"},{"@type":"ListItem","position":2,"name":"Library"}]},{"@type":"WebSite","@id":"https:\/\/inta.vn\/#website","url":"https:\/\/inta.vn\/","name":"INTA | Accounting. Tax. Advisory","description":"","potentialAction":[{"@type":"SearchAction","target":{"@type":"EntryPoint","urlTemplate":"https:\/\/inta.vn\/?s={search_term_string}"},"query-input":{"@type":"PropertyValueSpecification","valueRequired":true,"valueName":"search_term_string"}}],"inLanguage":"en-US"}]}},"_links":{"self":[{"href":"https:\/\/inta.vn\/en\/wp-json\/wp\/v2\/pages\/1621","targetHints":{"allow":["GET"]}}],"collection":[{"href":"https:\/\/inta.vn\/en\/wp-json\/wp\/v2\/pages"}],"about":[{"href":"https:\/\/inta.vn\/en\/wp-json\/wp\/v2\/types\/page"}],"author":[{"embeddable":true,"href":"https:\/\/inta.vn\/en\/wp-json\/wp\/v2\/users\/2"}],"replies":[{"embeddable":true,"href":"https:\/\/inta.vn\/en\/wp-json\/wp\/v2\/comments?post=1621"}],"version-history":[{"count":5,"href":"https:\/\/inta.vn\/en\/wp-json\/wp\/v2\/pages\/1621\/revisions"}],"predecessor-version":[{"id":1752,"href":"https:\/\/inta.vn\/en\/wp-json\/wp\/v2\/pages\/1621\/revisions\/1752"}],"wp:attachment":[{"href":"https:\/\/inta.vn\/en\/wp-json\/wp\/v2\/media?parent=1621"}],"curies":[{"name":"wp","href":"https:\/\/api.w.org\/{rel}","templated":true}]}}