{"id":1615,"date":"2020-07-10T02:21:32","date_gmt":"2020-07-10T02:21:32","guid":{"rendered":"http:\/\/inta.myanzen.com\/?page_id=1615"},"modified":"2020-07-10T04:48:50","modified_gmt":"2020-07-10T04:48:50","slug":"information","status":"publish","type":"page","link":"https:\/\/inta.vn\/en\/information\/","title":{"rendered":"Information"},"content":{"rendered":"\t\t<div data-elementor-type=\"wp-page\" data-elementor-id=\"1615\" class=\"elementor elementor-1615 elementor-1192\">\n\t\t\t\t\t\t<section class=\"elementor-section elementor-top-section elementor-element elementor-element-858296c elementor-section-boxed elementor-section-height-default elementor-section-height-default\" data-id=\"858296c\" data-element_type=\"section\" data-settings=\"{&quot;background_background&quot;:&quot;classic&quot;}\">\n\t\t\t\t\t\t<div class=\"elementor-container elementor-column-gap-default\">\n\t\t\t\t\t<div class=\"elementor-column elementor-col-100 elementor-top-column elementor-element elementor-element-d3b5ea8\" data-id=\"d3b5ea8\" data-element_type=\"column\">\n\t\t\t<div class=\"elementor-widget-wrap elementor-element-populated\">\n\t\t\t\t\t\t<div class=\"elementor-element elementor-element-fec4c15 elementor-widget elementor-widget-heading\" data-id=\"fec4c15\" data-element_type=\"widget\" data-widget_type=\"heading.default\">\n\t\t\t\t<div class=\"elementor-widget-container\">\n\t\t\t\t\t<h2 class=\"elementor-heading-title elementor-size-default\">INFORMATION<\/h2>\t\t\t\t<\/div>\n\t\t\t\t<\/div>\n\t\t\t\t<div class=\"elementor-element elementor-element-09fbaa3 elementor-widget elementor-widget-breadcrumbs\" data-id=\"09fbaa3\" data-element_type=\"widget\" data-widget_type=\"breadcrumbs.default\">\n\t\t\t\t<div class=\"elementor-widget-container\">\n\t\t\t\t\t<p id=\"breadcrumbs\"><span><span><a href=\"https:\/\/inta.vn\/en\/\">Home<\/a><\/span><\/span><\/p>\t\t\t\t<\/div>\n\t\t\t\t<\/div>\n\t\t\t\t\t<\/div>\n\t\t<\/div>\n\t\t\t\t\t<\/div>\n\t\t<\/section>\n\t\t\t\t<section class=\"elementor-section elementor-top-section elementor-element elementor-element-3391ea8 elementor-section-boxed elementor-section-height-default elementor-section-height-default\" data-id=\"3391ea8\" data-element_type=\"section\">\n\t\t\t\t\t\t<div class=\"elementor-container elementor-column-gap-default\">\n\t\t\t\t\t<div class=\"elementor-column elementor-col-50 elementor-top-column elementor-element elementor-element-0e077d6\" data-id=\"0e077d6\" data-element_type=\"column\">\n\t\t\t<div class=\"elementor-widget-wrap elementor-element-populated\">\n\t\t\t\t\t\t<div class=\"elementor-element elementor-element-78a63db elementor-grid-1 elementor-posts--thumbnail-left az-post elementor-grid-tablet-2 elementor-grid-mobile-1 elementor-widget elementor-widget-posts\" data-id=\"78a63db\" data-element_type=\"widget\" data-settings=\"{&quot;classic_columns&quot;:&quot;1&quot;,&quot;classic_row_gap&quot;:{&quot;unit&quot;:&quot;px&quot;,&quot;size&quot;:20,&quot;sizes&quot;:[]},&quot;classic_columns_tablet&quot;:&quot;2&quot;,&quot;classic_columns_mobile&quot;:&quot;1&quot;,&quot;classic_row_gap_tablet&quot;:{&quot;unit&quot;:&quot;px&quot;,&quot;size&quot;:&quot;&quot;,&quot;sizes&quot;:[]},&quot;classic_row_gap_mobile&quot;:{&quot;unit&quot;:&quot;px&quot;,&quot;size&quot;:&quot;&quot;,&quot;sizes&quot;:[]}}\" data-widget_type=\"posts.classic\">\n\t\t\t\t<div class=\"elementor-widget-container\">\n\t\t\t\t\t\t\t<div class=\"elementor-posts-container elementor-posts elementor-posts--skin-classic elementor-grid\">\n\t\t\t\t<article class=\"elementor-post elementor-grid-item post-2697 post type-post status-publish format-standard hentry category-salary-insurance\">\n\t\t\t\t<div class=\"elementor-post__text\">\n\t\t\t\t<h3 class=\"elementor-post__title\">\n\t\t\t<a href=\"https:\/\/inta.vn\/en\/raising-the-vat-exempt-revenue-threshold-to-vnd-200-million-per-year\/\" >\n\t\t\t\tRaising the VAT-Exempt Revenue Threshold to VND 200 Million Per Year\t\t\t<\/a>\n\t\t<\/h3>\n\t\t\t\t<div class=\"elementor-post__meta-data\">\n\t\t\t\t\t<span class=\"elementor-post-date\">\n\t\t\t29\/11\/2024\t\t<\/span>\n\t\t\t\t<span class=\"elementor-post-time\">\n\t\t\t8:39 pm\t\t<\/span>\n\t\t\t\t<\/div>\n\t\t\t\t<div class=\"elementor-post__excerpt\">\n\t\t\t<p>According to the new regulation approved by the National Assembly on November 26, 2024, the revenue threshold exempt from Value Added Tax (VAT) has been increased from VND 100 million to VND 200 million per year. This means that household<\/p>\n\t\t<\/div>\n\t\t\t\t\t<a class=\"elementor-post__read-more\" href=\"https:\/\/inta.vn\/en\/raising-the-vat-exempt-revenue-threshold-to-vnd-200-million-per-year\/\" >\n\t\t\t\t\t\t\t<\/a>\n\t\t\t\t<\/div>\n\t\t\t\t<\/article>\n\t\t\t\t<article class=\"elementor-post elementor-grid-item post-2193 post type-post status-publish format-standard hentry category-news category-salary-insurance tag-covid-19-en tag-unemployment-insurance\">\n\t\t\t\t<div class=\"elementor-post__text\">\n\t\t\t\t<h3 class=\"elementor-post__title\">\n\t\t\t<a href=\"https:\/\/inta.vn\/en\/decision-28-allowance-employees\/\" >\n\t\t\t\tDecision 28\/2021\/QD-TTg regarding to the allowance for employees\t\t\t<\/a>\n\t\t<\/h3>\n\t\t\t\t<div class=\"elementor-post__meta-data\">\n\t\t\t\t\t<span class=\"elementor-post-date\">\n\t\t\t05\/10\/2021\t\t<\/span>\n\t\t\t\t<span class=\"elementor-post-time\">\n\t\t\t10:14 pm\t\t<\/span>\n\t\t\t\t<\/div>\n\t\t\t\t<div class=\"elementor-post__excerpt\">\n\t\t\t<p>Employees participating in paying unemployment insurance (\u201cUI\u201d) will receive allowance from VND 1.8M to 3.3M on the basis of the time of payment of UI not yet enjoying unemployment benefits, employers are entitled to a reduction of the contribution rate<\/p>\n\t\t<\/div>\n\t\t\t\t\t<a class=\"elementor-post__read-more\" href=\"https:\/\/inta.vn\/en\/decision-28-allowance-employees\/\" >\n\t\t\t\t\t\t\t<\/a>\n\t\t\t\t<\/div>\n\t\t\t\t<\/article>\n\t\t\t\t<article class=\"elementor-post elementor-grid-item post-1991 post type-post status-publish format-standard hentry category-news category-thue-thu-nhap-ca-nhan-en\">\n\t\t\t\t<div class=\"elementor-post__text\">\n\t\t\t\t<h3 class=\"elementor-post__title\">\n\t\t\t<a href=\"https:\/\/inta.vn\/en\/luat-sua-doi-bo-sung-mot-so-dieu-cua-cac-luat-ve-thue-3\/\" >\n\t\t\t\tLu\u1eadt s\u1eeda \u0111\u1ed5i, b\u1ed5 sung m\u1ed9t s\u1ed1 \u0111i\u1ec1u c\u1ee7a c\u00e1c lu\u1eadt v\u1ec1 thu\u1ebf\t\t\t<\/a>\n\t\t<\/h3>\n\t\t\t\t<div class=\"elementor-post__meta-data\">\n\t\t\t\t\t<span class=\"elementor-post-date\">\n\t\t\t10\/07\/2020\t\t<\/span>\n\t\t\t\t<span class=\"elementor-post-time\">\n\t\t\t7:22 am\t\t<\/span>\n\t\t\t\t<\/div>\n\t\t\t\t<div class=\"elementor-post__excerpt\">\n\t\t\t<p>Ng\u00e0y 26\/11\/2014, Qu\u1ed1c h\u1ed9i \u0111\u00e3 th\u00f4ng qua Lu\u1eadt s\u1eeda \u0111\u1ed5i, b\u1ed5 sung m\u1ed9t s\u1ed1 \u0111i\u1ec1u c\u1ee7a c\u00e1c Lu\u1eadt v\u1ec1 thu\u1ebf. Lu\u1eadt n\u00e0y c\u00f3 hi\u1ec7u l\u1ef1c t\u1eeb ng\u00e0y 01\/01\/2015 v\u00e0 c\u00f3 nh\u1eefng s\u1eeda \u0111\u1ed5i, b\u1ed5 sung \u0111\u00e1ng ch\u00fa \u00fd sau: 1.<\/p>\n\t\t<\/div>\n\t\t\t\t\t<a class=\"elementor-post__read-more\" href=\"https:\/\/inta.vn\/en\/luat-sua-doi-bo-sung-mot-so-dieu-cua-cac-luat-ve-thue-3\/\" >\n\t\t\t\t\t\t\t<\/a>\n\t\t\t\t<\/div>\n\t\t\t\t<\/article>\n\t\t\t\t<article class=\"elementor-post elementor-grid-item post-1999 post type-post status-publish format-standard hentry category-news\">\n\t\t\t\t<div class=\"elementor-post__text\">\n\t\t\t\t<h3 class=\"elementor-post__title\">\n\t\t\t<a href=\"https:\/\/inta.vn\/en\/muc-giam-tru-gia-canh-ban-than-va-nguoi-phu-thuoc-duoc-tang-len-trong-nam-2020\/\" >\n\t\t\t\tM\u1ee9c gi\u1ea3m tr\u1eeb gia c\u1ea3nh b\u1ea3n th\u00e2n v\u00e0 ng\u01b0\u1eddi ph\u1ee5 thu\u1ed9c \u0111\u01b0\u1ee3c t\u0103ng l\u00ean trong n\u0103m 2020\t\t\t<\/a>\n\t\t<\/h3>\n\t\t\t\t<div class=\"elementor-post__meta-data\">\n\t\t\t\t\t<span class=\"elementor-post-date\">\n\t\t\t10\/07\/2020\t\t<\/span>\n\t\t\t\t<span class=\"elementor-post-time\">\n\t\t\t7:21 am\t\t<\/span>\n\t\t\t\t<\/div>\n\t\t\t\t<div class=\"elementor-post__excerpt\">\n\t\t\t<p>Ng\u00e0y 2 th\u00e1ng 6 n\u0103m 2020, \u1ee6y ban Th\u01b0\u1eddng v\u1ee5 Qu\u1ed1c h\u1ed9i \u0111\u00e3 ban h\u00e0nh Ngh\u1ecb quy\u1ebft s\u1ed1 954\/2020\/UBTVQH14 \u0111i\u1ec1u ch\u1ec9nh t\u0103ng m\u1ee9c gi\u1ea3m tr\u1eeb gia c\u1ea3nh khi t\u00ednh thu\u1ebf thu nh\u1eadp c\u00e1 nh\u00e2n. Theo \u0111\u00f3, m\u1ee9c gi\u1ea3m tr\u1eeb gia<\/p>\n\t\t<\/div>\n\t\t\t\t\t<a class=\"elementor-post__read-more\" href=\"https:\/\/inta.vn\/en\/muc-giam-tru-gia-canh-ban-than-va-nguoi-phu-thuoc-duoc-tang-len-trong-nam-2020\/\" >\n\t\t\t\t\t\t\t<\/a>\n\t\t\t\t<\/div>\n\t\t\t\t<\/article>\n\t\t\t\t<article class=\"elementor-post elementor-grid-item post-1998 post type-post status-publish format-standard hentry category-luat-doanh-nghiep-en category-news\">\n\t\t\t\t<div class=\"elementor-post__text\">\n\t\t\t\t<h3 class=\"elementor-post__title\">\n\t\t\t<a href=\"https:\/\/inta.vn\/en\/quyet-dinh-bo-nhiem-co-duoc-xem-la-phu-luc-hop-dong-lao-dong-khong\/\" >\n\t\t\t\tQuy\u1ebft \u0111\u1ecbnh b\u1ed5 nhi\u1ec7m c\u00f3 \u0111\u01b0\u1ee3c xem l\u00e0 ph\u1ee5 l\u1ee5c h\u1ee3p \u0111\u1ed3ng lao \u0111\u1ed9ng kh\u00f4ng ?\t\t\t<\/a>\n\t\t<\/h3>\n\t\t\t\t<div class=\"elementor-post__meta-data\">\n\t\t\t\t\t<span class=\"elementor-post-date\">\n\t\t\t10\/07\/2020\t\t<\/span>\n\t\t\t\t<span class=\"elementor-post-time\">\n\t\t\t7:21 am\t\t<\/span>\n\t\t\t\t<\/div>\n\t\t\t\t<div class=\"elementor-post__excerpt\">\n\t\t\t<p>T\u01b0\u01a1ng t\u1ef1 nh\u01b0 c\u00e1c quan h\u1ec7 d\u00e2n s\u1ef1 kh\u00e1c theo ch\u1ebf \u0111\u1ecbnh Lu\u1eadt d\u00e2n s\u1ef1 Vi\u1ec7t Nam, m\u1ed1i quan h\u1ec7 gi\u1eefa ng\u01b0\u1eddi lao \u0111\u1ed9ng v\u00e0 ng\u01b0\u1eddi s\u1eed d\u1ee5ng lao \u0111\u1ed9ng \u0111\u01b0\u1ee3c x\u00e1c l\u1eadp b\u1edfi c\u00e1c H\u1ee3p \u0111\u1ed3ng, c\u1ee5 th\u1ec3 l\u00e0<\/p>\n\t\t<\/div>\n\t\t\t\t\t<a class=\"elementor-post__read-more\" href=\"https:\/\/inta.vn\/en\/quyet-dinh-bo-nhiem-co-duoc-xem-la-phu-luc-hop-dong-lao-dong-khong\/\" >\n\t\t\t\t\t\t\t<\/a>\n\t\t\t\t<\/div>\n\t\t\t\t<\/article>\n\t\t\t\t<article class=\"elementor-post elementor-grid-item post-1997 post type-post status-publish format-standard hentry category-luat-doanh-nghiep-en category-news\">\n\t\t\t\t<div class=\"elementor-post__text\">\n\t\t\t\t<h3 class=\"elementor-post__title\">\n\t\t\t<a href=\"https:\/\/inta.vn\/en\/muc-luong-toi-thieu-vung-ap-dung-tu-ngay-01-01-2019\/\" >\n\t\t\t\tM\u1ee9c l\u01b0\u01a1ng t\u1ed1i thi\u1ec3u v\u00f9ng \u00e1p d\u1ee5ng t\u1eeb ng\u00e0y 01\/01\/2019\t\t\t<\/a>\n\t\t<\/h3>\n\t\t\t\t<div class=\"elementor-post__meta-data\">\n\t\t\t\t\t<span class=\"elementor-post-date\">\n\t\t\t10\/07\/2020\t\t<\/span>\n\t\t\t\t<span class=\"elementor-post-time\">\n\t\t\t7:21 am\t\t<\/span>\n\t\t\t\t<\/div>\n\t\t\t\t<div class=\"elementor-post__excerpt\">\n\t\t\t<p>Ng\u00e0y 16\/11\/2018, Ch\u00ednh ph\u1ee7 ch\u00ednh th\u1ee9c quy\u1ebft \u0111\u1ecbnh t\u0103ng l\u01b0\u01a1ng t\u1ed1i thi\u1ec3u 4 v\u00f9ng d\u00e0nh cho NL\u0110 k\u1ec3 t\u1eeb ng\u00e0y 01\/01\/2019, chi ti\u1ebft nh\u01b0 sau: C\u1ee5 th\u1ec3, theo Ngh\u1ecb \u0111\u1ecbnh c\u1ee7a Ch\u00ednh ph\u1ee7 v\u1eeba ban h\u00e0nh,&nbsp;m\u1ee9c l\u01b0\u01a1ng t\u1ed1i thi\u1ec3u \u00e1p<\/p>\n\t\t<\/div>\n\t\t\t\t\t<a class=\"elementor-post__read-more\" href=\"https:\/\/inta.vn\/en\/muc-luong-toi-thieu-vung-ap-dung-tu-ngay-01-01-2019\/\" >\n\t\t\t\t\t\t\t<\/a>\n\t\t\t\t<\/div>\n\t\t\t\t<\/article>\n\t\t\t\t<\/div>\n\n\n\t\t\n\t\t\t\t\t\t<\/div>\n\t\t\t\t<\/div>\n\t\t\t\t\t<\/div>\n\t\t<\/div>\n\t\t\t\t<div class=\"elementor-column elementor-col-50 elementor-top-column elementor-element elementor-element-e9b1c3d az-sidebar\" data-id=\"e9b1c3d\" data-element_type=\"column\">\n\t\t\t<div class=\"elementor-widget-wrap elementor-element-populated\">\n\t\t\t\t\t\t<section class=\"elementor-section elementor-inner-section elementor-element elementor-element-7ab7893 elementor-section-boxed elementor-section-height-default elementor-section-height-default\" data-id=\"7ab7893\" data-element_type=\"section\">\n\t\t\t\t\t\t<div class=\"elementor-container elementor-column-gap-default\">\n\t\t\t\t\t<div class=\"elementor-column elementor-col-100 elementor-inner-column elementor-element elementor-element-fc21e8d\" data-id=\"fc21e8d\" data-element_type=\"column\">\n\t\t\t<div class=\"elementor-widget-wrap elementor-element-populated\">\n\t\t\t\t\t\t<div class=\"elementor-element elementor-element-2b301f5 elementor-widget elementor-widget-heading\" data-id=\"2b301f5\" data-element_type=\"widget\" data-widget_type=\"heading.default\">\n\t\t\t\t<div class=\"elementor-widget-container\">\n\t\t\t\t\t<h3 class=\"elementor-heading-title elementor-size-default\">Information<\/h3>\t\t\t\t<\/div>\n\t\t\t\t<\/div>\n\t\t\t\t<div class=\"elementor-element elementor-element-f173084 elementor-nav-menu--dropdown-none az-list az-list-menu elementor-widget elementor-widget-nav-menu\" data-id=\"f173084\" data-element_type=\"widget\" data-settings=\"{&quot;layout&quot;:&quot;vertical&quot;,&quot;submenu_icon&quot;:{&quot;value&quot;:&quot;&lt;i class=\\&quot;\\&quot;&gt;&lt;\\\/i&gt;&quot;,&quot;library&quot;:&quot;&quot;}}\" data-widget_type=\"nav-menu.default\">\n\t\t\t\t<div class=\"elementor-widget-container\">\n\t\t\t\t\t\t\t\t<nav migration_allowed=\"1\" migrated=\"0\" role=\"navigation\" class=\"elementor-nav-menu--main elementor-nav-menu__container elementor-nav-menu--layout-vertical e--pointer-none\">\n\t\t\t\t<ul id=\"menu-1-f173084\" class=\"elementor-nav-menu sm-vertical\"><li class=\"menu-item menu-item-type-post_type menu-item-object-page menu-item-1754\"><a href=\"https:\/\/inta.vn\/en\/news\/\" class=\"elementor-item\">News<\/a><\/li>\n<li class=\"menu-item menu-item-type-taxonomy menu-item-object-category menu-item-2220\"><a href=\"https:\/\/inta.vn\/en\/news\/\" class=\"elementor-item\">News<\/a><\/li>\n<\/ul>\t\t\t<\/nav>\n\t\t\t\t\t<div class=\"elementor-menu-toggle\" role=\"button\" tabindex=\"0\" aria-label=\"Menu Toggle\" aria-expanded=\"false\">\n\t\t\t<i aria-hidden=\"true\" role=\"presentation\" class=\"elementor-menu-toggle__icon--open eicon-menu-bar\"><\/i><i aria-hidden=\"true\" role=\"presentation\" class=\"elementor-menu-toggle__icon--close eicon-close\"><\/i>\t\t\t<span class=\"elementor-screen-only\">Menu<\/span>\n\t\t<\/div>\n\t\t\t<nav class=\"elementor-nav-menu--dropdown elementor-nav-menu__container\" role=\"navigation\" aria-hidden=\"true\">\n\t\t\t\t<ul id=\"menu-2-f173084\" class=\"elementor-nav-menu sm-vertical\"><li class=\"menu-item menu-item-type-post_type menu-item-object-page menu-item-1754\"><a href=\"https:\/\/inta.vn\/en\/news\/\" class=\"elementor-item\" tabindex=\"-1\">News<\/a><\/li>\n<li class=\"menu-item menu-item-type-taxonomy menu-item-object-category menu-item-2220\"><a href=\"https:\/\/inta.vn\/en\/news\/\" class=\"elementor-item\" tabindex=\"-1\">News<\/a><\/li>\n<\/ul>\t\t\t<\/nav>\n\t\t\t\t\t\t<\/div>\n\t\t\t\t<\/div>\n\t\t\t\t\t<\/div>\n\t\t<\/div>\n\t\t\t\t\t<\/div>\n\t\t<\/section>\n\t\t\t\t<section class=\"elementor-section elementor-inner-section elementor-element elementor-element-d669701 elementor-section-boxed elementor-section-height-default elementor-section-height-default\" data-id=\"d669701\" data-element_type=\"section\">\n\t\t\t\t\t\t<div class=\"elementor-container elementor-column-gap-default\">\n\t\t\t\t\t<div class=\"elementor-column elementor-col-100 elementor-inner-column elementor-element elementor-element-7baea0b\" data-id=\"7baea0b\" data-element_type=\"column\">\n\t\t\t<div class=\"elementor-widget-wrap elementor-element-populated\">\n\t\t\t\t\t\t<div class=\"elementor-element elementor-element-a94ec40 elementor-widget elementor-widget-heading\" data-id=\"a94ec40\" data-element_type=\"widget\" data-widget_type=\"heading.default\">\n\t\t\t\t<div class=\"elementor-widget-container\">\n\t\t\t\t\t<h3 class=\"elementor-heading-title elementor-size-default\">RECENT POSTS<\/h3>\t\t\t\t<\/div>\n\t\t\t\t<\/div>\n\t\t\t\t<div class=\"elementor-element elementor-element-a284a6e elementor-grid-1 elementor-posts--thumbnail-none elementor-grid-tablet-2 elementor-grid-mobile-1 elementor-widget elementor-widget-posts\" data-id=\"a284a6e\" data-element_type=\"widget\" data-settings=\"{&quot;classic_columns&quot;:&quot;1&quot;,&quot;classic_row_gap&quot;:{&quot;unit&quot;:&quot;px&quot;,&quot;size&quot;:10,&quot;sizes&quot;:[]},&quot;classic_columns_tablet&quot;:&quot;2&quot;,&quot;classic_columns_mobile&quot;:&quot;1&quot;,&quot;classic_row_gap_tablet&quot;:{&quot;unit&quot;:&quot;px&quot;,&quot;size&quot;:&quot;&quot;,&quot;sizes&quot;:[]},&quot;classic_row_gap_mobile&quot;:{&quot;unit&quot;:&quot;px&quot;,&quot;size&quot;:&quot;&quot;,&quot;sizes&quot;:[]}}\" data-widget_type=\"posts.classic\">\n\t\t\t\t<div class=\"elementor-widget-container\">\n\t\t\t\t\t\t\t<div class=\"elementor-posts-container elementor-posts elementor-posts--skin-classic elementor-grid\">\n\t\t\t\t<article class=\"elementor-post elementor-grid-item post-2697 post type-post status-publish format-standard hentry category-salary-insurance\">\n\t\t\t\t<div class=\"elementor-post__text\">\n\t\t\t\t<h3 class=\"elementor-post__title\">\n\t\t\t<a href=\"https:\/\/inta.vn\/en\/raising-the-vat-exempt-revenue-threshold-to-vnd-200-million-per-year\/\" >\n\t\t\t\tRaising the VAT-Exempt Revenue Threshold to VND 200 Million Per Year\t\t\t<\/a>\n\t\t<\/h3>\n\t\t\t\t<\/div>\n\t\t\t\t<\/article>\n\t\t\t\t<article class=\"elementor-post elementor-grid-item post-2193 post type-post status-publish format-standard hentry category-news category-salary-insurance tag-covid-19-en tag-unemployment-insurance\">\n\t\t\t\t<div class=\"elementor-post__text\">\n\t\t\t\t<h3 class=\"elementor-post__title\">\n\t\t\t<a href=\"https:\/\/inta.vn\/en\/decision-28-allowance-employees\/\" >\n\t\t\t\tDecision 28\/2021\/QD-TTg regarding to the allowance for employees\t\t\t<\/a>\n\t\t<\/h3>\n\t\t\t\t<\/div>\n\t\t\t\t<\/article>\n\t\t\t\t<article class=\"elementor-post elementor-grid-item post-1991 post type-post status-publish format-standard hentry category-news category-thue-thu-nhap-ca-nhan-en\">\n\t\t\t\t<div class=\"elementor-post__text\">\n\t\t\t\t<h3 class=\"elementor-post__title\">\n\t\t\t<a href=\"https:\/\/inta.vn\/en\/luat-sua-doi-bo-sung-mot-so-dieu-cua-cac-luat-ve-thue-3\/\" >\n\t\t\t\tLu\u1eadt s\u1eeda \u0111\u1ed5i, b\u1ed5 sung m\u1ed9t s\u1ed1 \u0111i\u1ec1u c\u1ee7a c\u00e1c lu\u1eadt v\u1ec1 thu\u1ebf\t\t\t<\/a>\n\t\t<\/h3>\n\t\t\t\t<\/div>\n\t\t\t\t<\/article>\n\t\t\t\t<article class=\"elementor-post elementor-grid-item post-1999 post type-post status-publish format-standard hentry category-news\">\n\t\t\t\t<div class=\"elementor-post__text\">\n\t\t\t\t<h3 class=\"elementor-post__title\">\n\t\t\t<a href=\"https:\/\/inta.vn\/en\/muc-giam-tru-gia-canh-ban-than-va-nguoi-phu-thuoc-duoc-tang-len-trong-nam-2020\/\" >\n\t\t\t\tM\u1ee9c gi\u1ea3m tr\u1eeb gia c\u1ea3nh b\u1ea3n th\u00e2n v\u00e0 ng\u01b0\u1eddi ph\u1ee5 thu\u1ed9c \u0111\u01b0\u1ee3c t\u0103ng l\u00ean trong n\u0103m 2020\t\t\t<\/a>\n\t\t<\/h3>\n\t\t\t\t<\/div>\n\t\t\t\t<\/article>\n\t\t\t\t<article class=\"elementor-post elementor-grid-item post-1998 post type-post status-publish format-standard hentry category-luat-doanh-nghiep-en category-news\">\n\t\t\t\t<div class=\"elementor-post__text\">\n\t\t\t\t<h3 class=\"elementor-post__title\">\n\t\t\t<a href=\"https:\/\/inta.vn\/en\/quyet-dinh-bo-nhiem-co-duoc-xem-la-phu-luc-hop-dong-lao-dong-khong\/\" >\n\t\t\t\tQuy\u1ebft \u0111\u1ecbnh b\u1ed5 nhi\u1ec7m c\u00f3 \u0111\u01b0\u1ee3c xem l\u00e0 ph\u1ee5 l\u1ee5c h\u1ee3p \u0111\u1ed3ng lao \u0111\u1ed9ng kh\u00f4ng ?\t\t\t<\/a>\n\t\t<\/h3>\n\t\t\t\t<\/div>\n\t\t\t\t<\/article>\n\t\t\t\t<\/div>\n\n\n\t\t\n\t\t\t\t\t\t<\/div>\n\t\t\t\t<\/div>\n\t\t\t\t\t<\/div>\n\t\t<\/div>\n\t\t\t\t\t<\/div>\n\t\t<\/section>\n\t\t\t\t<section class=\"elementor-section elementor-inner-section elementor-element elementor-element-d13f13b elementor-section-boxed elementor-section-height-default elementor-section-height-default\" data-id=\"d13f13b\" data-element_type=\"section\">\n\t\t\t\t\t\t<div class=\"elementor-container elementor-column-gap-default\">\n\t\t\t\t\t<div class=\"elementor-column elementor-col-100 elementor-inner-column elementor-element elementor-element-4e56de7\" data-id=\"4e56de7\" data-element_type=\"column\">\n\t\t\t<div class=\"elementor-widget-wrap elementor-element-populated\">\n\t\t\t\t\t\t<div class=\"elementor-element elementor-element-4b9625a elementor-widget elementor-widget-heading\" data-id=\"4b9625a\" data-element_type=\"widget\" data-widget_type=\"heading.default\">\n\t\t\t\t<div class=\"elementor-widget-container\">\n\t\t\t\t\t<h3 class=\"elementor-heading-title elementor-size-default\">Tags<\/h3>\t\t\t\t<\/div>\n\t\t\t\t<\/div>\n\t\t\t\t<div class=\"elementor-element elementor-element-5b6a80b az-tag elementor-widget elementor-widget-sitemap\" data-id=\"5b6a80b\" data-element_type=\"widget\" data-widget_type=\"sitemap.default\">\n\t\t\t\t<div class=\"elementor-widget-container\">\n\t\t\t\t\t<div class=\"elementor-sitemap-wrap\"><div class=\"elementor-sitemap-section\"><h3 class=\"elementor-sitemap-title elementor-sitemap-post_tag-title\">Chuy\u00ean m\u1ee5c b\u00e0i vi\u1ebft<\/h3><ul class=\"elementor-sitemap-list elementor-sitemap-post_tag-list\">\t<li class=\"elementor-sitemap-item elementor-sitemap-item-post_tag cat-item cat-item-61\"><a href=\"https:\/\/inta.vn\/en\/tag\/unemployment-insurance\/\">unemployment-insurance<\/a>\n<\/li>\n\t<li class=\"elementor-sitemap-item elementor-sitemap-item-post_tag cat-item cat-item-60\"><a href=\"https:\/\/inta.vn\/en\/tag\/covid-19-en\/\">covid-19<\/a>\n<\/li>\n<\/ul><\/div><\/div>\t\t\t\t<\/div>\n\t\t\t\t<\/div>\n\t\t\t\t\t<\/div>\n\t\t<\/div>\n\t\t\t\t\t<\/div>\n\t\t<\/section>\n\t\t\t\t\t<\/div>\n\t\t<\/div>\n\t\t\t\t\t<\/div>\n\t\t<\/section>\n\t\t\t\t<\/div>\n\t\t","protected":false},"excerpt":{"rendered":"<p>INFORMATION Information RECENT POSTS Tags<\/p>\n","protected":false},"author":2,"featured_media":0,"parent":0,"menu_order":0,"comment_status":"closed","ping_status":"closed","template":"elementor_header_footer","meta":{"footnotes":""},"class_list":["post-1615","page","type-page","status-publish","hentry"],"yoast_head":"<!-- This site is optimized with the Yoast SEO plugin v26.2 - https:\/\/yoast.com\/wordpress\/plugins\/seo\/ -->\n<title>Information - INTA | Accounting. Tax. Advisory<\/title>\n<meta name=\"robots\" content=\"index, follow, max-snippet:-1, max-image-preview:large, max-video-preview:-1\" \/>\n<link rel=\"canonical\" href=\"https:\/\/inta.vn\/en\/information\/\" \/>\n<meta property=\"og:locale\" content=\"en_US\" \/>\n<meta property=\"og:type\" content=\"article\" \/>\n<meta property=\"og:title\" content=\"Information - INTA | Accounting. Tax. Advisory\" \/>\n<meta property=\"og:description\" content=\"INFORMATION Information RECENT POSTS Tags\" \/>\n<meta property=\"og:url\" content=\"https:\/\/inta.vn\/en\/information\/\" \/>\n<meta property=\"og:site_name\" content=\"INTA | Accounting. Tax. Advisory\" \/>\n<meta property=\"article:modified_time\" content=\"2020-07-10T04:48:50+00:00\" \/>\n<meta name=\"twitter:card\" content=\"summary_large_image\" \/>\n<script type=\"application\/ld+json\" class=\"yoast-schema-graph\">{\"@context\":\"https:\/\/schema.org\",\"@graph\":[{\"@type\":\"WebPage\",\"@id\":\"https:\/\/inta.vn\/en\/information\/\",\"url\":\"https:\/\/inta.vn\/en\/information\/\",\"name\":\"Information - INTA | Accounting. Tax. Advisory\",\"isPartOf\":{\"@id\":\"https:\/\/inta.vn\/#website\"},\"datePublished\":\"2020-07-10T02:21:32+00:00\",\"dateModified\":\"2020-07-10T04:48:50+00:00\",\"breadcrumb\":{\"@id\":\"https:\/\/inta.vn\/en\/information\/#breadcrumb\"},\"inLanguage\":\"en-US\",\"potentialAction\":[{\"@type\":\"ReadAction\",\"target\":[\"https:\/\/inta.vn\/en\/information\/\"]}]},{\"@type\":\"BreadcrumbList\",\"@id\":\"https:\/\/inta.vn\/en\/information\/#breadcrumb\",\"itemListElement\":[{\"@type\":\"ListItem\",\"position\":1,\"name\":\"Home\",\"item\":\"https:\/\/inta.vn\/en\/\"},{\"@type\":\"ListItem\",\"position\":2,\"name\":\"Information\"}]},{\"@type\":\"WebSite\",\"@id\":\"https:\/\/inta.vn\/#website\",\"url\":\"https:\/\/inta.vn\/\",\"name\":\"INTA | Accounting. Tax. Advisory\",\"description\":\"\",\"potentialAction\":[{\"@type\":\"SearchAction\",\"target\":{\"@type\":\"EntryPoint\",\"urlTemplate\":\"https:\/\/inta.vn\/?s={search_term_string}\"},\"query-input\":{\"@type\":\"PropertyValueSpecification\",\"valueRequired\":true,\"valueName\":\"search_term_string\"}}],\"inLanguage\":\"en-US\"}]}<\/script>\n<!-- \/ Yoast SEO plugin. -->","yoast_head_json":{"title":"Information - INTA | Accounting. Tax. Advisory","robots":{"index":"index","follow":"follow","max-snippet":"max-snippet:-1","max-image-preview":"max-image-preview:large","max-video-preview":"max-video-preview:-1"},"canonical":"https:\/\/inta.vn\/en\/information\/","og_locale":"en_US","og_type":"article","og_title":"Information - INTA | Accounting. Tax. Advisory","og_description":"INFORMATION Information RECENT POSTS Tags","og_url":"https:\/\/inta.vn\/en\/information\/","og_site_name":"INTA | Accounting. Tax. Advisory","article_modified_time":"2020-07-10T04:48:50+00:00","twitter_card":"summary_large_image","schema":{"@context":"https:\/\/schema.org","@graph":[{"@type":"WebPage","@id":"https:\/\/inta.vn\/en\/information\/","url":"https:\/\/inta.vn\/en\/information\/","name":"Information - INTA | Accounting. Tax. Advisory","isPartOf":{"@id":"https:\/\/inta.vn\/#website"},"datePublished":"2020-07-10T02:21:32+00:00","dateModified":"2020-07-10T04:48:50+00:00","breadcrumb":{"@id":"https:\/\/inta.vn\/en\/information\/#breadcrumb"},"inLanguage":"en-US","potentialAction":[{"@type":"ReadAction","target":["https:\/\/inta.vn\/en\/information\/"]}]},{"@type":"BreadcrumbList","@id":"https:\/\/inta.vn\/en\/information\/#breadcrumb","itemListElement":[{"@type":"ListItem","position":1,"name":"Home","item":"https:\/\/inta.vn\/en\/"},{"@type":"ListItem","position":2,"name":"Information"}]},{"@type":"WebSite","@id":"https:\/\/inta.vn\/#website","url":"https:\/\/inta.vn\/","name":"INTA | Accounting. Tax. Advisory","description":"","potentialAction":[{"@type":"SearchAction","target":{"@type":"EntryPoint","urlTemplate":"https:\/\/inta.vn\/?s={search_term_string}"},"query-input":{"@type":"PropertyValueSpecification","valueRequired":true,"valueName":"search_term_string"}}],"inLanguage":"en-US"}]}},"_links":{"self":[{"href":"https:\/\/inta.vn\/en\/wp-json\/wp\/v2\/pages\/1615","targetHints":{"allow":["GET"]}}],"collection":[{"href":"https:\/\/inta.vn\/en\/wp-json\/wp\/v2\/pages"}],"about":[{"href":"https:\/\/inta.vn\/en\/wp-json\/wp\/v2\/types\/page"}],"author":[{"embeddable":true,"href":"https:\/\/inta.vn\/en\/wp-json\/wp\/v2\/users\/2"}],"replies":[{"embeddable":true,"href":"https:\/\/inta.vn\/en\/wp-json\/wp\/v2\/comments?post=1615"}],"version-history":[{"count":4,"href":"https:\/\/inta.vn\/en\/wp-json\/wp\/v2\/pages\/1615\/revisions"}],"predecessor-version":[{"id":1738,"href":"https:\/\/inta.vn\/en\/wp-json\/wp\/v2\/pages\/1615\/revisions\/1738"}],"wp:attachment":[{"href":"https:\/\/inta.vn\/en\/wp-json\/wp\/v2\/media?parent=1615"}],"curies":[{"name":"wp","href":"https:\/\/api.w.org\/{rel}","templated":true}]}}