{"id":1588,"date":"2020-07-10T02:05:58","date_gmt":"2020-07-10T02:05:58","guid":{"rendered":"http:\/\/inta.myanzen.com\/?page_id=1588"},"modified":"2020-07-10T06:21:47","modified_gmt":"2020-07-10T06:21:47","slug":"recruitment","status":"publish","type":"page","link":"https:\/\/inta.vn\/en\/recruitment\/","title":{"rendered":"Recruitment"},"content":{"rendered":"\t\t<div data-elementor-type=\"wp-page\" data-elementor-id=\"1588\" class=\"elementor elementor-1588 elementor-512\">\n\t\t\t\t\t\t<section class=\"elementor-section elementor-top-section elementor-element elementor-element-9fa712d elementor-section-full_width elementor-section-height-default elementor-section-height-default\" data-id=\"9fa712d\" data-element_type=\"section\" data-settings=\"{&quot;background_background&quot;:&quot;classic&quot;}\">\n\t\t\t\t\t\t<div class=\"elementor-container elementor-column-gap-default\">\n\t\t\t\t\t<div class=\"elementor-column elementor-col-100 elementor-top-column elementor-element elementor-element-e86d471\" data-id=\"e86d471\" data-element_type=\"column\">\n\t\t\t<div class=\"elementor-widget-wrap elementor-element-populated\">\n\t\t\t\t\t\t<section class=\"elementor-section elementor-inner-section elementor-element elementor-element-223b9ca elementor-section-boxed elementor-section-height-default elementor-section-height-default\" data-id=\"223b9ca\" data-element_type=\"section\">\n\t\t\t\t\t\t<div class=\"elementor-container elementor-column-gap-default\">\n\t\t\t\t\t<div class=\"elementor-column elementor-col-100 elementor-inner-column elementor-element elementor-element-006ba79\" data-id=\"006ba79\" data-element_type=\"column\">\n\t\t\t<div class=\"elementor-widget-wrap elementor-element-populated\">\n\t\t\t\t\t\t<div class=\"elementor-element elementor-element-94c7b08 elementor-widget elementor-widget-breadcrumbs\" data-id=\"94c7b08\" data-element_type=\"widget\" data-widget_type=\"breadcrumbs.default\">\n\t\t\t\t<div class=\"elementor-widget-container\">\n\t\t\t\t\t<p id=\"breadcrumbs\"><span><span><a href=\"https:\/\/inta.vn\/en\/\">Home<\/a><\/span><\/span><\/p>\t\t\t\t<\/div>\n\t\t\t\t<\/div>\n\t\t\t\t\t<\/div>\n\t\t<\/div>\n\t\t\t\t\t<\/div>\n\t\t<\/section>\n\t\t\t\t\t<\/div>\n\t\t<\/div>\n\t\t\t\t\t<\/div>\n\t\t<\/section>\n\t\t\t\t<section class=\"elementor-section elementor-top-section elementor-element elementor-element-1ee367c elementor-section-boxed elementor-section-height-default elementor-section-height-default\" data-id=\"1ee367c\" data-element_type=\"section\">\n\t\t\t\t\t\t<div class=\"elementor-container elementor-column-gap-default\">\n\t\t\t\t\t<div class=\"elementor-column elementor-col-100 elementor-top-column elementor-element elementor-element-b9c6664\" data-id=\"b9c6664\" data-element_type=\"column\">\n\t\t\t<div class=\"elementor-widget-wrap elementor-element-populated\">\n\t\t\t\t\t\t<section class=\"elementor-section elementor-inner-section elementor-element elementor-element-f225cb8 elementor-section-boxed elementor-section-height-default elementor-section-height-default\" data-id=\"f225cb8\" data-element_type=\"section\">\n\t\t\t\t\t\t<div class=\"elementor-container elementor-column-gap-default\">\n\t\t\t\t\t<div class=\"elementor-column elementor-col-100 elementor-inner-column elementor-element elementor-element-626c1f6\" data-id=\"626c1f6\" data-element_type=\"column\">\n\t\t\t<div class=\"elementor-widget-wrap elementor-element-populated\">\n\t\t\t\t\t\t<div class=\"elementor-element elementor-element-5271db8 elementor-widget elementor-widget-heading\" data-id=\"5271db8\" data-element_type=\"widget\" data-widget_type=\"heading.default\">\n\t\t\t\t<div class=\"elementor-widget-container\">\n\t\t\t\t\t<h3 class=\"elementor-heading-title elementor-size-default\">TH\u00d4NG B\u00c1O TUY\u1ec2N D\u1ee4NG<\/h3>\t\t\t\t<\/div>\n\t\t\t\t<\/div>\n\t\t\t\t<div class=\"elementor-element elementor-element-ffd5472 elementor-widget elementor-widget-spacer\" data-id=\"ffd5472\" data-element_type=\"widget\" data-widget_type=\"spacer.default\">\n\t\t\t\t<div class=\"elementor-widget-container\">\n\t\t\t\t\t\t\t<div class=\"elementor-spacer\">\n\t\t\t<div class=\"elementor-spacer-inner\"><\/div>\n\t\t<\/div>\n\t\t\t\t\t\t<\/div>\n\t\t\t\t<\/div>\n\t\t\t\t<div class=\"elementor-element elementor-element-7983d29 elementor-widget elementor-widget-text-editor\" data-id=\"7983d29\" data-element_type=\"widget\" data-widget_type=\"text-editor.default\">\n\t\t\t\t<div class=\"elementor-widget-container\">\n\t\t\t\t\t\t\t\t\t<p><strong>C\u00f4ng ty TNHH K\u1ebf To\u00e1n Qu\u1ed1c T\u1ebf (INTA)<\/strong> l\u00e0 m\u1ed9t trong nh\u1eefng c\u00f4ng ty d\u1ecbch v\u1ee5 k\u1ebf to\u00e1n uy t\u00edn t\u1ea1i Vi\u1ec7t Nam, chuy\u00ean cung c\u1ea5p c\u00e1c d\u1ecbch v\u1ee5 li\u00ean quan \u0111\u1ebfn k\u1ebf to\u00e1n, t\u01b0 v\u1ea5n, thu\u1ebf v\u00e0 ph\u1ea7n m\u1ec1m. Hi\u1ec7n nay, <strong>INTA<\/strong> b\u1eaft \u0111\u1ea7u ch\u01b0\u01a1ng tr\u00ecnh tuy\u1ec3n d\u1ee5ng v\u1edbi m\u1ee5c \u0111\u00edch t\u1ea1o c\u01a1 h\u1ed9i cho t\u1ea5t c\u00e1c sinh vi\u00ean \u0111\u00e3 t\u1ed1t nghi\u1ec7p theo \u0111u\u1ed5i v\u00e0 ph\u00e1t tri\u1ec3n ngh\u1ec1 k\u1ebf to\u00e1n, t\u01b0 v\u1ea5n.<\/p><p>Ngay t\u1eeb b\u00e2y gi\u1edd c\u00e1c \u1ee9ng vi\u00ean c\u00f3 th\u1ec3 n\u1ed9p h\u1ed3 s\u01a1 \u1ee9ng tuy\u1ec3n b\u1eb1ng ti\u1ebfng Vi\u1ec7t v\u00e0 ti\u1ebfng Anh tr\u1ef1c ti\u1ebfp t\u1ea1i v\u0103n ph\u00f2ng <strong>INTA<\/strong> theo nh\u1eefng h\u01b0\u1edbng d\u1eabn sau:<\/p>\t\t\t\t\t\t\t\t<\/div>\n\t\t\t\t<\/div>\n\t\t\t\t\t<\/div>\n\t\t<\/div>\n\t\t\t\t\t<\/div>\n\t\t<\/section>\n\t\t\t\t\t<\/div>\n\t\t<\/div>\n\t\t\t\t\t<\/div>\n\t\t<\/section>\n\t\t\t\t<section class=\"elementor-section elementor-top-section elementor-element elementor-element-8c7f988 elementor-section-boxed elementor-section-height-default elementor-section-height-default\" data-id=\"8c7f988\" data-element_type=\"section\" data-settings=\"{&quot;background_background&quot;:&quot;classic&quot;}\">\n\t\t\t\t\t\t<div class=\"elementor-container elementor-column-gap-default\">\n\t\t\t\t\t<div class=\"elementor-column elementor-col-50 elementor-top-column elementor-element elementor-element-3a65a26\" data-id=\"3a65a26\" data-element_type=\"column\">\n\t\t\t<div class=\"elementor-widget-wrap elementor-element-populated\">\n\t\t\t\t\t\t<section class=\"elementor-section elementor-inner-section elementor-element elementor-element-b7a1300 elementor-section-full_width elementor-section-height-default elementor-section-height-default\" data-id=\"b7a1300\" data-element_type=\"section\">\n\t\t\t\t\t\t<div class=\"elementor-container elementor-column-gap-default\">\n\t\t\t\t\t<div class=\"elementor-column elementor-col-100 elementor-inner-column elementor-element elementor-element-011a451\" data-id=\"011a451\" data-element_type=\"column\">\n\t\t\t<div class=\"elementor-widget-wrap elementor-element-populated\">\n\t\t\t\t\t\t<div class=\"elementor-element elementor-element-3ba412e elementor-widget elementor-widget-heading\" data-id=\"3ba412e\" data-element_type=\"widget\" data-widget_type=\"heading.default\">\n\t\t\t\t<div class=\"elementor-widget-container\">\n\t\t\t\t\t<h2 class=\"elementor-heading-title elementor-size-default\">V\u1eca TR\u00cd TUY\u1ec2N D\u1ee4NG<\/h2>\t\t\t\t<\/div>\n\t\t\t\t<\/div>\n\t\t\t\t<div class=\"elementor-element elementor-element-a49f8bd elementor-widget elementor-widget-shortcode\" data-id=\"a49f8bd\" data-element_type=\"widget\" data-widget_type=\"shortcode.default\">\n\t\t\t\t<div class=\"elementor-widget-container\">\n\t\t\t\t\t\t\t<div class=\"elementor-shortcode\">                <div class=\"table-responsive\">          \n\t\t\t\t\t  <table class=\"table\">\n\t\t\t\t\t    <thead>\n\t\t\t\t\t      <tr>\n\t\t\t\t\t        <th>V\u1ecb tr\u00ed<\/th>\n\t\t\t\t\t        <th>L\u0129nh v\u1ef1c<\/th>\n\t\t\t\t\t        <th>\u0110\u1ecba \u0111i\u1ec3m<\/th>\n\t\t\t\t\t        <th>Ng\u00e0y h\u1ebft h\u1ea1n<\/th>\n\t\t\t\t\t        <th><\/th>\n\t\t\t\t\t      <\/tr>\n\t\t\t\t\t    <\/thead>\n\t\t\t\t\t    <tbody>\n\t\t\t\t\t    \t\t\t\t\t\t\t\t\t\t      <tr>\n\t\t\t\t\t\t\t\t\t        <td>Nh\u00e2n vi\u00ean kinh doanh<\/td>\n\t\t\t\t\t\t\t\t\t        <td><\/td>\n\t\t\t\t\t\t\t\t\t        <td><\/td>\n\t\t\t\t\t\t\t\t\t        <td><\/td>\n\t\t\t\t\t\t\t\t\t        <td><a href=\"https:\/\/inta.vn\/en\/nhan-vien-kinh-doanh\/\"> Xem th\u00eam<\/a><\/td>\n\t\t\t\t\t\t\t\t\t      \n\t\t\t\t\t\t\t\t\t      <\/tr>\n\t\t\t\t\t\t\t\n\t\t\t\t\t    <\/tbody>\n\t\t\t\t\t  <\/table>\n\t\t\t\t<\/div>\n                <\/div>\n\t\t\t\t\t\t<\/div>\n\t\t\t\t<\/div>\n\t\t\t\t<div class=\"elementor-element elementor-element-9d40685 elementor-widget elementor-widget-text-editor\" data-id=\"9d40685\" data-element_type=\"widget\" data-widget_type=\"text-editor.default\">\n\t\t\t\t<div class=\"elementor-widget-container\">\n\t\t\t\t\t\t\t\t\t<p>B\u1ed9 ph\u1eadn tuy\u1ec3n d\u1ee5ng s\u1ebd ti\u1ebfp nh\u1eadn h\u1ed3 s\u01a1 v\u00e0 x\u00e9t duy\u1ec7t theo ti\u00eau ch\u00ed c\u1ee7a <strong>INTA<\/strong>. Nh\u1eefng h\u1ed3 s\u01a1 \u0111\u01b0\u1ee3c l\u1ef1a ch\u1ecdn s\u1ebd v\u00e0o v\u00f2ng ki\u1ec3m tra ki\u1ebfn th\u1ee9c chuy\u00ean ng\u00e0nh v\u00e0 ph\u1ecfng v\u1ea5n. B\u1ed9 ph\u1eadn tuy\u1ec3n d\u1ee5ng s\u1ebd th\u00f4ng b\u00e1o s\u1edbm k\u1ebft qu\u1ea3 cho c\u00e1c \u1ee9ng vi\u00ean sau khi v\u00f2ng ph\u1ecfng v\u1ea5n k\u1ebft th\u00fac.<\/p><p>Ch\u00fang t\u00f4i t\u1ef1 tin r\u1eb1ng <strong>INTA<\/strong> l\u00e0 s\u1ef1 l\u1ef1a ch\u1ecdn \u0111\u00fang \u0111\u1eafn cho s\u1ef1 ph\u00e1t tri\u1ec3n ngh\u1ec1 nghi\u1ec7p c\u1ee7a ch\u00ednh b\u1ea3n th\u00e2n \u1ee9ng vi\u00ean trong t\u01b0\u01a1ng lai.<\/p>\t\t\t\t\t\t\t\t<\/div>\n\t\t\t\t<\/div>\n\t\t\t\t\t<\/div>\n\t\t<\/div>\n\t\t\t\t\t<\/div>\n\t\t<\/section>\n\t\t\t\t\t<\/div>\n\t\t<\/div>\n\t\t\t\t<div class=\"elementor-column elementor-col-50 elementor-top-column elementor-element elementor-element-65ec056\" data-id=\"65ec056\" data-element_type=\"column\">\n\t\t\t<div class=\"elementor-widget-wrap elementor-element-populated\">\n\t\t\t\t\t\t<section class=\"elementor-section elementor-inner-section elementor-element elementor-element-9cd3844 elementor-section-boxed elementor-section-height-default elementor-section-height-default\" data-id=\"9cd3844\" data-element_type=\"section\" data-settings=\"{&quot;background_background&quot;:&quot;classic&quot;}\">\n\t\t\t\t\t\t<div class=\"elementor-container elementor-column-gap-default\">\n\t\t\t\t\t<div class=\"elementor-column elementor-col-100 elementor-inner-column elementor-element elementor-element-559ad7b\" data-id=\"559ad7b\" data-element_type=\"column\">\n\t\t\t<div class=\"elementor-widget-wrap elementor-element-populated\">\n\t\t\t\t\t\t<div class=\"elementor-element elementor-element-8b66266 elementor-widget elementor-widget-heading\" data-id=\"8b66266\" data-element_type=\"widget\" data-widget_type=\"heading.default\">\n\t\t\t\t<div class=\"elementor-widget-container\">\n\t\t\t\t\t<h2 class=\"elementor-heading-title elementor-size-default\">TH\u00d4NG TIN LI\u00caN H\u1ec6<\/h2>\t\t\t\t<\/div>\n\t\t\t\t<\/div>\n\t\t\t\t<div class=\"elementor-element elementor-element-ef07650 elementor-icon-list--layout-traditional elementor-list-item-link-full_width elementor-widget elementor-widget-icon-list\" data-id=\"ef07650\" data-element_type=\"widget\" data-widget_type=\"icon-list.default\">\n\t\t\t\t<div class=\"elementor-widget-container\">\n\t\t\t\t\t\t\t<ul class=\"elementor-icon-list-items\">\n\t\t\t\t\t\t\t<li class=\"elementor-icon-list-item\">\n\t\t\t\t\t\t\t\t\t\t\t<span class=\"elementor-icon-list-icon\">\n\t\t\t\t\t\t\t<i aria-hidden=\"true\" class=\"fas fa-map-marker-alt\"><\/i>\t\t\t\t\t\t<\/span>\n\t\t\t\t\t\t\t\t\t\t<span class=\"elementor-icon-list-text\">L\u1ea7u 4, T\u00f2a nh\u00e0 H\u1ea3i \u00c2u TIC, 39B Tr\u01b0\u1eddng S\u01a1n, P. 4, Q. T\u00e2n B\u00ecnh, Tp. HCM<\/span>\n\t\t\t\t\t\t\t\t\t<\/li>\n\t\t\t\t\t\t\t\t<li class=\"elementor-icon-list-item\">\n\t\t\t\t\t\t\t\t\t\t\t<span class=\"elementor-icon-list-icon\">\n\t\t\t\t\t\t\t<i aria-hidden=\"true\" class=\"fas fa-phone\"><\/i>\t\t\t\t\t\t<\/span>\n\t\t\t\t\t\t\t\t\t\t<span class=\"elementor-icon-list-text\">(028) 7303-2010<\/span>\n\t\t\t\t\t\t\t\t\t<\/li>\n\t\t\t\t\t\t\t\t<li class=\"elementor-icon-list-item\">\n\t\t\t\t\t\t\t\t\t\t\t<span class=\"elementor-icon-list-icon\">\n\t\t\t\t\t\t\t<i aria-hidden=\"true\" class=\"far fa-envelope-open\"><\/i>\t\t\t\t\t\t<\/span>\n\t\t\t\t\t\t\t\t\t\t<span class=\"elementor-icon-list-text\">support@inta.vn<\/span>\n\t\t\t\t\t\t\t\t\t<\/li>\n\t\t\t\t\t\t<\/ul>\n\t\t\t\t\t\t<\/div>\n\t\t\t\t<\/div>\n\t\t\t\t\t<\/div>\n\t\t<\/div>\n\t\t\t\t\t<\/div>\n\t\t<\/section>\n\t\t\t\t\t<\/div>\n\t\t<\/div>\n\t\t\t\t\t<\/div>\n\t\t<\/section>\n\t\t\t\t<\/div>\n\t\t","protected":false},"excerpt":{"rendered":"<p>TH\u00d4NG B\u00c1O TUY\u1ec2N D\u1ee4NG C\u00f4ng ty TNHH K\u1ebf To\u00e1n Qu\u1ed1c T\u1ebf (INTA) l\u00e0 m\u1ed9t trong nh\u1eefng c\u00f4ng ty d\u1ecbch v\u1ee5 k\u1ebf to\u00e1n uy t\u00edn t\u1ea1i Vi\u1ec7t Nam, chuy\u00ean cung c\u1ea5p c\u00e1c d\u1ecbch v\u1ee5 li\u00ean quan \u0111\u1ebfn k\u1ebf to\u00e1n, t\u01b0 v\u1ea5n, thu\u1ebf v\u00e0 ph\u1ea7n m\u1ec1m. Hi\u1ec7n nay, INTA b\u1eaft \u0111\u1ea7u ch\u01b0\u01a1ng tr\u00ecnh tuy\u1ec3n d\u1ee5ng v\u1edbi m\u1ee5c [&hellip;]<\/p>\n","protected":false},"author":2,"featured_media":0,"parent":0,"menu_order":0,"comment_status":"closed","ping_status":"closed","template":"elementor_header_footer","meta":{"footnotes":""},"class_list":["post-1588","page","type-page","status-publish","hentry"],"yoast_head":"<!-- This site is optimized with the Yoast SEO plugin v26.2 - https:\/\/yoast.com\/wordpress\/plugins\/seo\/ -->\n<title>Recruitment - INTA | Accounting. Tax. Advisory<\/title>\n<meta name=\"robots\" content=\"index, follow, max-snippet:-1, max-image-preview:large, max-video-preview:-1\" \/>\n<link rel=\"canonical\" href=\"https:\/\/inta.vn\/en\/recruitment\/\" \/>\n<meta property=\"og:locale\" content=\"en_US\" \/>\n<meta property=\"og:type\" content=\"article\" \/>\n<meta property=\"og:title\" content=\"Recruitment - INTA | Accounting. Tax. Advisory\" \/>\n<meta property=\"og:description\" content=\"TH\u00d4NG B\u00c1O TUY\u1ec2N D\u1ee4NG C\u00f4ng ty TNHH K\u1ebf To\u00e1n Qu\u1ed1c T\u1ebf (INTA) l\u00e0 m\u1ed9t trong nh\u1eefng c\u00f4ng ty d\u1ecbch v\u1ee5 k\u1ebf to\u00e1n uy t\u00edn t\u1ea1i Vi\u1ec7t Nam, chuy\u00ean cung c\u1ea5p c\u00e1c d\u1ecbch v\u1ee5 li\u00ean quan \u0111\u1ebfn k\u1ebf to\u00e1n, t\u01b0 v\u1ea5n, thu\u1ebf v\u00e0 ph\u1ea7n m\u1ec1m. Hi\u1ec7n nay, INTA b\u1eaft \u0111\u1ea7u ch\u01b0\u01a1ng tr\u00ecnh tuy\u1ec3n d\u1ee5ng v\u1edbi m\u1ee5c [&hellip;]\" \/>\n<meta property=\"og:url\" content=\"https:\/\/inta.vn\/en\/recruitment\/\" \/>\n<meta property=\"og:site_name\" content=\"INTA | Accounting. Tax. Advisory\" \/>\n<meta property=\"article:modified_time\" content=\"2020-07-10T06:21:47+00:00\" \/>\n<meta name=\"twitter:card\" content=\"summary_large_image\" \/>\n<meta name=\"twitter:label1\" content=\"Est. reading time\" \/>\n\t<meta name=\"twitter:data1\" content=\"2 minutes\" \/>\n<script type=\"application\/ld+json\" class=\"yoast-schema-graph\">{\"@context\":\"https:\/\/schema.org\",\"@graph\":[{\"@type\":\"WebPage\",\"@id\":\"https:\/\/inta.vn\/en\/recruitment\/\",\"url\":\"https:\/\/inta.vn\/en\/recruitment\/\",\"name\":\"Recruitment - INTA | Accounting. Tax. Advisory\",\"isPartOf\":{\"@id\":\"https:\/\/inta.vn\/#website\"},\"datePublished\":\"2020-07-10T02:05:58+00:00\",\"dateModified\":\"2020-07-10T06:21:47+00:00\",\"breadcrumb\":{\"@id\":\"https:\/\/inta.vn\/en\/recruitment\/#breadcrumb\"},\"inLanguage\":\"en-US\",\"potentialAction\":[{\"@type\":\"ReadAction\",\"target\":[\"https:\/\/inta.vn\/en\/recruitment\/\"]}]},{\"@type\":\"BreadcrumbList\",\"@id\":\"https:\/\/inta.vn\/en\/recruitment\/#breadcrumb\",\"itemListElement\":[{\"@type\":\"ListItem\",\"position\":1,\"name\":\"Home\",\"item\":\"https:\/\/inta.vn\/en\/\"},{\"@type\":\"ListItem\",\"position\":2,\"name\":\"Recruitment\"}]},{\"@type\":\"WebSite\",\"@id\":\"https:\/\/inta.vn\/#website\",\"url\":\"https:\/\/inta.vn\/\",\"name\":\"INTA | Accounting. Tax. Advisory\",\"description\":\"\",\"potentialAction\":[{\"@type\":\"SearchAction\",\"target\":{\"@type\":\"EntryPoint\",\"urlTemplate\":\"https:\/\/inta.vn\/?s={search_term_string}\"},\"query-input\":{\"@type\":\"PropertyValueSpecification\",\"valueRequired\":true,\"valueName\":\"search_term_string\"}}],\"inLanguage\":\"en-US\"}]}<\/script>\n<!-- \/ Yoast SEO plugin. -->","yoast_head_json":{"title":"Recruitment - INTA | Accounting. Tax. Advisory","robots":{"index":"index","follow":"follow","max-snippet":"max-snippet:-1","max-image-preview":"max-image-preview:large","max-video-preview":"max-video-preview:-1"},"canonical":"https:\/\/inta.vn\/en\/recruitment\/","og_locale":"en_US","og_type":"article","og_title":"Recruitment - INTA | Accounting. Tax. Advisory","og_description":"TH\u00d4NG B\u00c1O TUY\u1ec2N D\u1ee4NG C\u00f4ng ty TNHH K\u1ebf To\u00e1n Qu\u1ed1c T\u1ebf (INTA) l\u00e0 m\u1ed9t trong nh\u1eefng c\u00f4ng ty d\u1ecbch v\u1ee5 k\u1ebf to\u00e1n uy t\u00edn t\u1ea1i Vi\u1ec7t Nam, chuy\u00ean cung c\u1ea5p c\u00e1c d\u1ecbch v\u1ee5 li\u00ean quan \u0111\u1ebfn k\u1ebf to\u00e1n, t\u01b0 v\u1ea5n, thu\u1ebf v\u00e0 ph\u1ea7n m\u1ec1m. Hi\u1ec7n nay, INTA b\u1eaft \u0111\u1ea7u ch\u01b0\u01a1ng tr\u00ecnh tuy\u1ec3n d\u1ee5ng v\u1edbi m\u1ee5c [&hellip;]","og_url":"https:\/\/inta.vn\/en\/recruitment\/","og_site_name":"INTA | Accounting. Tax. Advisory","article_modified_time":"2020-07-10T06:21:47+00:00","twitter_card":"summary_large_image","twitter_misc":{"Est. reading time":"2 minutes"},"schema":{"@context":"https:\/\/schema.org","@graph":[{"@type":"WebPage","@id":"https:\/\/inta.vn\/en\/recruitment\/","url":"https:\/\/inta.vn\/en\/recruitment\/","name":"Recruitment - INTA | Accounting. Tax. Advisory","isPartOf":{"@id":"https:\/\/inta.vn\/#website"},"datePublished":"2020-07-10T02:05:58+00:00","dateModified":"2020-07-10T06:21:47+00:00","breadcrumb":{"@id":"https:\/\/inta.vn\/en\/recruitment\/#breadcrumb"},"inLanguage":"en-US","potentialAction":[{"@type":"ReadAction","target":["https:\/\/inta.vn\/en\/recruitment\/"]}]},{"@type":"BreadcrumbList","@id":"https:\/\/inta.vn\/en\/recruitment\/#breadcrumb","itemListElement":[{"@type":"ListItem","position":1,"name":"Home","item":"https:\/\/inta.vn\/en\/"},{"@type":"ListItem","position":2,"name":"Recruitment"}]},{"@type":"WebSite","@id":"https:\/\/inta.vn\/#website","url":"https:\/\/inta.vn\/","name":"INTA | Accounting. Tax. Advisory","description":"","potentialAction":[{"@type":"SearchAction","target":{"@type":"EntryPoint","urlTemplate":"https:\/\/inta.vn\/?s={search_term_string}"},"query-input":{"@type":"PropertyValueSpecification","valueRequired":true,"valueName":"search_term_string"}}],"inLanguage":"en-US"}]}},"_links":{"self":[{"href":"https:\/\/inta.vn\/en\/wp-json\/wp\/v2\/pages\/1588","targetHints":{"allow":["GET"]}}],"collection":[{"href":"https:\/\/inta.vn\/en\/wp-json\/wp\/v2\/pages"}],"about":[{"href":"https:\/\/inta.vn\/en\/wp-json\/wp\/v2\/types\/page"}],"author":[{"embeddable":true,"href":"https:\/\/inta.vn\/en\/wp-json\/wp\/v2\/users\/2"}],"replies":[{"embeddable":true,"href":"https:\/\/inta.vn\/en\/wp-json\/wp\/v2\/comments?post=1588"}],"version-history":[{"count":5,"href":"https:\/\/inta.vn\/en\/wp-json\/wp\/v2\/pages\/1588\/revisions"}],"predecessor-version":[{"id":1751,"href":"https:\/\/inta.vn\/en\/wp-json\/wp\/v2\/pages\/1588\/revisions\/1751"}],"wp:attachment":[{"href":"https:\/\/inta.vn\/en\/wp-json\/wp\/v2\/media?parent=1588"}],"curies":[{"name":"wp","href":"https:\/\/api.w.org\/{rel}","templated":true}]}}